{"id":455,"date":"2022-12-11T23:14:45","date_gmt":"2022-12-11T23:14:45","guid":{"rendered":"https:\/\/reusingbottle.com\/?post_type=product&#038;p=455"},"modified":"2022-12-11T23:22:22","modified_gmt":"2022-12-11T23:22:22","slug":"vine-al-taller","status":"publish","type":"product","link":"https:\/\/reusingbottle.com\/index.php\/producto\/vine-al-taller\/","title":{"rendered":"Vine al TALLER"},"content":{"rendered":"<p>Els tallers de Reusing Bottle s\u00f3n una manera sencilla d`\u2019experimentar un treball artesanal i creatiu.<\/p>\n<p>Si t\u2019agrada l\u2019artesania, est\u00e0s concienciat amb la sostenibilita, tens inquietuts creatives i busques una experiencia enriquidora \u2026 aquest taller \u00e9s per tu<\/p>\n<p>Tamb\u00e9 pot ser un bon detall regalar aquesta experi\u00e8ncia, o venir a fer-ho amb amics. o en fam\u00edlia, o en parella &#8230;<\/p>\n<p>Si ets d&#8217;un col\u00b7lectiu de Can Fugarolas el preu \u00e9s de 25 \u20ac<\/p>\n","protected":false},"excerpt":{"rendered":"<p>Experimentar un treball artesanal i creatiu.<\/p>\n","protected":false},"featured_media":415,"comment_status":"open","ping_status":"closed","template":"","meta":{"om_disable_all_campaigns":false,"_mi_skip_tracking":false},"product_cat":[76],"product_tag":[],"aioseo_notices":[],"_links":{"self":[{"href":"https:\/\/reusingbottle.com\/index.php\/wp-json\/wp\/v2\/product\/455"}],"collection":[{"href":"https:\/\/reusingbottle.com\/index.php\/wp-json\/wp\/v2\/product"}],"about":[{"href":"https:\/\/reusingbottle.com\/index.php\/wp-json\/wp\/v2\/types\/product"}],"replies":[{"embeddable":true,"href":"https:\/\/reusingbottle.com\/index.php\/wp-json\/wp\/v2\/comments?post=455"}],"wp:featuredmedia":[{"embeddable":true,"href":"https:\/\/reusingbottle.com\/index.php\/wp-json\/wp\/v2\/media\/415"}],"wp:attachment":[{"href":"https:\/\/reusingbottle.com\/index.php\/wp-json\/wp\/v2\/media?parent=455"}],"wp:term":[{"taxonomy":"product_cat","embeddable":true,"href":"https:\/\/reusingbottle.com\/index.php\/wp-json\/wp\/v2\/product_cat?post=455"},{"taxonomy":"product_tag","embeddable":true,"href":"https:\/\/reusingbottle.com\/index.php\/wp-json\/wp\/v2\/product_tag?post=455"}],"curies":[{"name":"wp","href":"https:\/\/api.w.org\/{rel}","templated":true}]}}