{"id":267,"date":"2022-12-08T13:59:05","date_gmt":"2022-12-08T13:59:05","guid":{"rendered":"https:\/\/reusingbottle.com\/?post_type=product&#038;p=267"},"modified":"2022-12-08T18:13:52","modified_gmt":"2022-12-08T18:13:52","slug":"gerra-barcelo","status":"publish","type":"product","link":"https:\/\/reusingbottle.com\/index.php\/producto\/gerra-barcelo\/","title":{"rendered":"Gerra BARCEL\u00d3"},"content":{"rendered":"<p>Gerra BARCEL\u00d3 \u00e9s un objecte \u00fanic i elegant<\/p>\n<p>Amb una mida ideal per agafar i una suavitat i eficiencia al servir excepcional<\/p>\n","protected":false},"excerpt":{"rendered":"<p>Gerra BARCEL\u00d3 \u00e9s un objecte \u00fanic i elegant<\/p>\n","protected":false},"featured_media":289,"comment_status":"open","ping_status":"closed","template":"","meta":{"om_disable_all_campaigns":false,"_mi_skip_tracking":false},"product_cat":[58],"product_tag":[60,61,59],"aioseo_notices":[],"_links":{"self":[{"href":"https:\/\/reusingbottle.com\/index.php\/wp-json\/wp\/v2\/product\/267"}],"collection":[{"href":"https:\/\/reusingbottle.com\/index.php\/wp-json\/wp\/v2\/product"}],"about":[{"href":"https:\/\/reusingbottle.com\/index.php\/wp-json\/wp\/v2\/types\/product"}],"replies":[{"embeddable":true,"href":"https:\/\/reusingbottle.com\/index.php\/wp-json\/wp\/v2\/comments?post=267"}],"wp:featuredmedia":[{"embeddable":true,"href":"https:\/\/reusingbottle.com\/index.php\/wp-json\/wp\/v2\/media\/289"}],"wp:attachment":[{"href":"https:\/\/reusingbottle.com\/index.php\/wp-json\/wp\/v2\/media?parent=267"}],"wp:term":[{"taxonomy":"product_cat","embeddable":true,"href":"https:\/\/reusingbottle.com\/index.php\/wp-json\/wp\/v2\/product_cat?post=267"},{"taxonomy":"product_tag","embeddable":true,"href":"https:\/\/reusingbottle.com\/index.php\/wp-json\/wp\/v2\/product_tag?post=267"}],"curies":[{"name":"wp","href":"https:\/\/api.w.org\/{rel}","templated":true}]}}