{"id":431,"date":"2022-12-11T22:13:58","date_gmt":"2022-12-11T22:13:58","guid":{"rendered":"https:\/\/reusingbottle.com\/?page_id=431"},"modified":"2022-12-11T22:15:54","modified_gmt":"2022-12-11T22:15:54","slug":"el-projecte","status":"publish","type":"page","link":"https:\/\/reusingbottle.com\/index.php\/el-projecte\/","title":{"rendered":"El Projecte"},"content":{"rendered":"\t\t<div data-elementor-type=\"wp-page\" data-elementor-id=\"431\" class=\"elementor elementor-431\">\n\t\t\t\t\t\t\t\t\t<section class=\"elementor-section elementor-top-section elementor-element elementor-element-5a0c216 elementor-section-boxed elementor-section-height-default elementor-section-height-default\" data-id=\"5a0c216\" data-element_type=\"section\">\n\t\t\t\t\t\t<div class=\"elementor-container elementor-column-gap-default\">\n\t\t\t\t\t<div class=\"elementor-column elementor-col-100 elementor-top-column elementor-element elementor-element-fe43a2a\" data-id=\"fe43a2a\" data-element_type=\"column\">\n\t\t\t<div class=\"elementor-widget-wrap elementor-element-populated\">\n\t\t\t\t\t\t\t\t<section class=\"elementor-section elementor-inner-section elementor-element elementor-element-b36aa53 elementor-section-boxed elementor-section-height-default elementor-section-height-default\" data-id=\"b36aa53\" data-element_type=\"section\">\n\t\t\t\t\t\t<div class=\"elementor-container elementor-column-gap-default\">\n\t\t\t\t\t<div class=\"elementor-column elementor-col-50 elementor-inner-column elementor-element elementor-element-c221511\" data-id=\"c221511\" data-element_type=\"column\">\n\t\t\t<div class=\"elementor-widget-wrap elementor-element-populated\">\n\t\t\t\t\t\t\t\t<div class=\"elementor-element elementor-element-ba6b9e4 elementor-widget elementor-widget-image\" data-id=\"ba6b9e4\" data-element_type=\"widget\" data-widget_type=\"image.default\">\n\t\t\t\t<div class=\"elementor-widget-container\">\n\t\t\t<style>\/*! elementor - v3.9.0 - 06-12-2022 *\/\n.elementor-widget-image{text-align:center}.elementor-widget-image a{display:inline-block}.elementor-widget-image a img[src$=\".svg\"]{width:48px}.elementor-widget-image img{vertical-align:middle;display:inline-block}<\/style>\t\t\t\t\t\t\t\t\t\t\t\t<img width=\"750\" height=\"563\" src=\"https:\/\/reusingbottle.com\/wp-content\/uploads\/2022\/12\/20221124_194433-1024x768.jpg\" class=\"attachment-large size-large wp-image-399\" alt=\"\" loading=\"lazy\" srcset=\"https:\/\/reusingbottle.com\/wp-content\/uploads\/2022\/12\/20221124_194433-1024x768.jpg 1024w, https:\/\/reusingbottle.com\/wp-content\/uploads\/2022\/12\/20221124_194433-scaled-600x450.jpg 600w, https:\/\/reusingbottle.com\/wp-content\/uploads\/2022\/12\/20221124_194433-300x225.jpg 300w, https:\/\/reusingbottle.com\/wp-content\/uploads\/2022\/12\/20221124_194433-768x576.jpg 768w, https:\/\/reusingbottle.com\/wp-content\/uploads\/2022\/12\/20221124_194433-1536x1152.jpg 1536w, https:\/\/reusingbottle.com\/wp-content\/uploads\/2022\/12\/20221124_194433-2048x1536.jpg 2048w, https:\/\/reusingbottle.com\/wp-content\/uploads\/2022\/12\/20221124_194433-1320x990.jpg 1320w\" sizes=\"(max-width: 750px) 100vw, 750px\" \/>\t\t\t\t\t\t\t\t\t\t\t\t\t\t\t<\/div>\n\t\t\t\t<\/div>\n\t\t\t\t\t<\/div>\n\t\t<\/div>\n\t\t\t\t<div class=\"elementor-column elementor-col-50 elementor-inner-column elementor-element elementor-element-a68ea20\" data-id=\"a68ea20\" data-element_type=\"column\">\n\t\t\t<div class=\"elementor-widget-wrap elementor-element-populated\">\n\t\t\t\t\t\t\t\t<div class=\"elementor-element elementor-element-a1147dd elementor-widget elementor-widget-heading\" data-id=\"a1147dd\" data-element_type=\"widget\" data-widget_type=\"heading.default\">\n\t\t\t\t<div class=\"elementor-widget-container\">\n\t\t\t<style>\/*! elementor - v3.9.0 - 06-12-2022 *\/\n.elementor-heading-title{padding:0;margin:0;line-height:1}.elementor-widget-heading .elementor-heading-title[class*=elementor-size-]>a{color:inherit;font-size:inherit;line-height:inherit}.elementor-widget-heading .elementor-heading-title.elementor-size-small{font-size:15px}.elementor-widget-heading .elementor-heading-title.elementor-size-medium{font-size:19px}.elementor-widget-heading .elementor-heading-title.elementor-size-large{font-size:29px}.elementor-widget-heading .elementor-heading-title.elementor-size-xl{font-size:39px}.elementor-widget-heading .elementor-heading-title.elementor-size-xxl{font-size:59px}<\/style><h2 class=\"elementor-heading-title elementor-size-default\">El Projecte<\/h2>\t\t<\/div>\n\t\t\t\t<\/div>\n\t\t\t\t<div class=\"elementor-element elementor-element-21a49f1 elementor-widget elementor-widget-text-editor\" data-id=\"21a49f1\" data-element_type=\"widget\" data-widget_type=\"text-editor.default\">\n\t\t\t\t<div class=\"elementor-widget-container\">\n\t\t\t<style>\/*! elementor - v3.9.0 - 06-12-2022 *\/\n.elementor-widget-text-editor.elementor-drop-cap-view-stacked .elementor-drop-cap{background-color:#818a91;color:#fff}.elementor-widget-text-editor.elementor-drop-cap-view-framed .elementor-drop-cap{color:#818a91;border:3px solid;background-color:transparent}.elementor-widget-text-editor:not(.elementor-drop-cap-view-default) .elementor-drop-cap{margin-top:8px}.elementor-widget-text-editor:not(.elementor-drop-cap-view-default) .elementor-drop-cap-letter{width:1em;height:1em}.elementor-widget-text-editor .elementor-drop-cap{float:left;text-align:center;line-height:1;font-size:50px}.elementor-widget-text-editor .elementor-drop-cap-letter{display:inline-block}<\/style>\t\t\t\t<p>A partir d&#8217;ampolles de vidre creaci\u00f3 de tot tipus d&#8217;objectes \u00fanics<br \/>Economia circular amb moltes &#8220;R&#8217;s&#8221; i amb molta consciencia art\u00edstica i ambiental.<\/p>\t\t\t\t\t\t<\/div>\n\t\t\t\t<\/div>\n\t\t\t\t\t<\/div>\n\t\t<\/div>\n\t\t\t\t\t\t\t<\/div>\n\t\t<\/section>\n\t\t\t\t\t<\/div>\n\t\t<\/div>\n\t\t\t\t\t\t\t<\/div>\n\t\t<\/section>\n\t\t\t\t\t\t\t<\/div>\n\t\t","protected":false},"excerpt":{"rendered":"<p>El Projecte A partir d&#8217;ampolles de vidre creaci\u00f3 de tot tipus d&#8217;objectes \u00fanicsEconomia circular amb moltes &#8220;R&#8217;s&#8221; i amb molta consciencia art\u00edstica i ambiental.<\/p>\n","protected":false},"author":2,"featured_media":0,"parent":0,"menu_order":0,"comment_status":"closed","ping_status":"closed","template":"page-templates\/template-pagebuilder-full-width.php","meta":{"om_disable_all_campaigns":false,"_mi_skip_tracking":false},"aioseo_notices":[],"_links":{"self":[{"href":"https:\/\/reusingbottle.com\/index.php\/wp-json\/wp\/v2\/pages\/431"}],"collection":[{"href":"https:\/\/reusingbottle.com\/index.php\/wp-json\/wp\/v2\/pages"}],"about":[{"href":"https:\/\/reusingbottle.com\/index.php\/wp-json\/wp\/v2\/types\/page"}],"author":[{"embeddable":true,"href":"https:\/\/reusingbottle.com\/index.php\/wp-json\/wp\/v2\/users\/2"}],"replies":[{"embeddable":true,"href":"https:\/\/reusingbottle.com\/index.php\/wp-json\/wp\/v2\/comments?post=431"}],"version-history":[{"count":7,"href":"https:\/\/reusingbottle.com\/index.php\/wp-json\/wp\/v2\/pages\/431\/revisions"}],"predecessor-version":[{"id":438,"href":"https:\/\/reusingbottle.com\/index.php\/wp-json\/wp\/v2\/pages\/431\/revisions\/438"}],"wp:attachment":[{"href":"https:\/\/reusingbottle.com\/index.php\/wp-json\/wp\/v2\/media?parent=431"}],"curies":[{"name":"wp","href":"https:\/\/api.w.org\/{rel}","templated":true}]}}