{"id":252,"date":"2022-12-08T10:49:41","date_gmt":"2022-12-08T10:49:41","guid":{"rendered":"https:\/\/reusingbottle.com\/?page_id=252"},"modified":"2022-12-09T09:36:38","modified_gmt":"2022-12-09T09:36:38","slug":"galeria-de-productes","status":"publish","type":"page","link":"https:\/\/reusingbottle.com\/index.php\/galeria-de-productes\/","title":{"rendered":"Galeria de Productes"},"content":{"rendered":"\t\t<div data-elementor-type=\"wp-page\" data-elementor-id=\"252\" class=\"elementor elementor-252\">\n\t\t\t\t\t\t\t\t\t<section class=\"elementor-section elementor-top-section elementor-element elementor-element-5166524 elementor-section-boxed elementor-section-height-default elementor-section-height-default\" data-id=\"5166524\" data-element_type=\"section\">\n\t\t\t\t\t\t<div class=\"elementor-container elementor-column-gap-default\">\n\t\t\t\t\t<div class=\"elementor-column elementor-col-100 elementor-top-column elementor-element elementor-element-998746f\" data-id=\"998746f\" data-element_type=\"column\">\n\t\t\t<div class=\"elementor-widget-wrap elementor-element-populated\">\n\t\t\t\t\t\t\t\t<div class=\"elementor-element elementor-element-2816897 elementor--h-position-left elementor--v-position-top elementor-arrows-position-inside elementor-pagination-position-inside elementor-widget elementor-widget-slides\" data-id=\"2816897\" data-element_type=\"widget\" data-settings=\"{&quot;transition&quot;:&quot;fade&quot;,&quot;navigation&quot;:&quot;both&quot;,&quot;autoplay&quot;:&quot;yes&quot;,&quot;pause_on_hover&quot;:&quot;yes&quot;,&quot;pause_on_interaction&quot;:&quot;yes&quot;,&quot;autoplay_speed&quot;:5000,&quot;infinite&quot;:&quot;yes&quot;,&quot;transition_speed&quot;:500}\" data-widget_type=\"slides.default\">\n\t\t\t\t<div class=\"elementor-widget-container\">\n\t\t\t<style>\/*! elementor-pro - v3.6.4 - 15-03-2022 *\/\n.elementor-slides .swiper-slide-bg{background-size:cover;background-position:50%;background-repeat:no-repeat;min-width:100%;min-height:100%}.elementor-slides .swiper-slide-inner{background-repeat:no-repeat;background-position:50%;position:absolute;top:0;left:0;bottom:0;right:0;padding:50px;margin:auto}.elementor-slides .swiper-slide-inner,.elementor-slides .swiper-slide-inner:hover{color:#fff;display:-webkit-box;display:-ms-flexbox;display:flex}.elementor-slides .swiper-slide-inner .elementor-background-overlay{position:absolute;z-index:0;top:0;bottom:0;left:0;right:0}.elementor-slides .swiper-slide-inner .elementor-slide-content{position:relative;z-index:1;width:100%}.elementor-slides .swiper-slide-inner .elementor-slide-heading{font-size:35px;font-weight:700;line-height:1}.elementor-slides .swiper-slide-inner .elementor-slide-description{font-size:17px;line-height:1.4}.elementor-slides .swiper-slide-inner .elementor-slide-description:not(:last-child),.elementor-slides .swiper-slide-inner .elementor-slide-heading:not(:last-child){margin-bottom:30px}.elementor-slides .swiper-slide-inner .elementor-slide-button{border:2px solid #fff;color:#fff;background:transparent;display:inline-block}.elementor-slides .swiper-slide-inner .elementor-slide-button,.elementor-slides .swiper-slide-inner .elementor-slide-button:hover{background:transparent;color:inherit;text-decoration:none}.elementor--v-position-top .swiper-slide-inner{-webkit-box-align:start;-ms-flex-align:start;align-items:flex-start}.elementor--v-position-bottom .swiper-slide-inner{-webkit-box-align:end;-ms-flex-align:end;align-items:flex-end}.elementor--v-position-middle .swiper-slide-inner{-webkit-box-align:center;-ms-flex-align:center;align-items:center}.elementor--h-position-left .swiper-slide-inner{-webkit-box-pack:start;-ms-flex-pack:start;justify-content:flex-start}.elementor--h-position-right .swiper-slide-inner{-webkit-box-pack:end;-ms-flex-pack:end;justify-content:flex-end}.elementor--h-position-center .swiper-slide-inner{-webkit-box-pack:center;-ms-flex-pack:center;justify-content:center}body.rtl .elementor-widget-slides .elementor-swiper-button-next{left:10px;right:auto}body.rtl .elementor-widget-slides .elementor-swiper-button-prev{right:10px;left:auto}.elementor-slides-wrapper div:not(.swiper-slide)>.swiper-slide-inner{display:none}@media (max-width:767px){.elementor-slides .swiper-slide-inner{padding:30px}.elementor-slides .swiper-slide-inner .elementor-slide-heading{font-size:23px;line-height:1;margin-bottom:15px}.elementor-slides .swiper-slide-inner .elementor-slide-description{font-size:13px;line-height:1.4;margin-bottom:15px}}<\/style>\t\t<div class=\"elementor-swiper\">\n\t\t\t<div class=\"elementor-slides-wrapper elementor-main-swiper swiper-container\" dir=\"ltr\" data-animation=\"fadeInUp\">\n\t\t\t\t<div class=\"swiper-wrapper elementor-slides\">\n\t\t\t\t\t\t\t\t\t\t<div class=\"elementor-repeater-item-466ae12 swiper-slide\"><div class=\"swiper-slide-bg\"><\/div><a class=\"swiper-slide-inner\" href=\"https:\/\/reusingbottle.com\/index.php\/producto\/got-totxo\/\"><div class=\"swiper-slide-contents\"><div class=\"elementor-slide-heading\">Gots TOTXOS<\/div><div class=\"elementor-slide-description\">Un got robust per totes les ocasions<\/div><div  class=\"elementor-button elementor-slide-button elementor-size-sm\">Cat\u00e0leg<\/div><\/div><\/a><\/div><div class=\"elementor-repeater-item-527b23b swiper-slide\"><div class=\"swiper-slide-bg\"><\/div><a class=\"swiper-slide-inner\" href=\"https:\/\/reusingbottle.com\/index.php\/producto\/test-blanc-amb-plantes\/\"><div class=\"swiper-slide-contents\"><div class=\"elementor-slide-heading\">Jard\u00ed blanc amb plantes<\/div><div class=\"elementor-slide-description\">Mol decoratiu, minimalista, est\u00e8tic \u2026<\/div><div  class=\"elementor-button elementor-slide-button elementor-size-sm\">Cat\u00e0leg<\/div><\/div><\/a><\/div><div class=\"elementor-repeater-item-cd27ff2 swiper-slide\"><div class=\"swiper-slide-bg\"><\/div><a class=\"swiper-slide-inner\" href=\"https:\/\/reusingbottle.com\/index.php\/producto\/gerro-basic\/\"><div class=\"swiper-slide-contents\"><div class=\"elementor-slide-heading\">Gerro BASIC<\/div><div class=\"elementor-slide-description\">Gerros mides i colors variats<\/div><div  class=\"elementor-button elementor-slide-button elementor-size-sm\">Cat\u00e0leg<\/div><\/div><\/a><\/div><div class=\"elementor-repeater-item-7ef89a9 swiper-slide\"><div class=\"swiper-slide-bg\"><\/div><a class=\"swiper-slide-inner\" href=\"https:\/\/reusingbottle.com\/index.php\/producto\/hoodie-with-logo\/\"><div class=\"swiper-slide-contents\"><div class=\"elementor-slide-heading\">Safata FORN<\/div><div class=\"elementor-slide-description\">Per tota classe d\u2019aliments o petits objectes<\/div><div  class=\"elementor-button elementor-slide-button elementor-size-sm\">Cat\u00e0leg<\/div><\/div><\/a><\/div><div class=\"elementor-repeater-item-c85e6bf swiper-slide\"><div class=\"swiper-slide-bg\"><\/div><a class=\"swiper-slide-inner\" href=\"https:\/\/reusingbottle.com\/index.php\/producto\/gerro-gravat\/\"><div class=\"swiper-slide-contents\"><div class=\"elementor-slide-heading\">Gerro GRAVAT<\/div><div class=\"elementor-slide-description\">Gerros transparents, gravats  de mides variades.<\/div><div  class=\"elementor-button elementor-slide-button elementor-size-sm\">Cat\u00e0leg<\/div><\/div><\/a><\/div><div class=\"elementor-repeater-item-b4c506c swiper-slide\"><div class=\"swiper-slide-bg\"><\/div><a class=\"swiper-slide-inner\" href=\"https:\/\/reusingbottle.com\/index.php\/producto\/cendrer-basic\/\"><div class=\"swiper-slide-contents\"><div class=\"elementor-slide-heading\">Cendrer B\u00c0SIC<\/div><div class=\"elementor-slide-description\">Ideal per petits racons, elegant i funcional..<\/div><div  class=\"elementor-button elementor-slide-button elementor-size-sm\">Cat\u00e0leg<\/div><\/div><\/a><\/div><div class=\"elementor-repeater-item-7470b8b swiper-slide\"><div class=\"swiper-slide-bg\"><\/div><a class=\"swiper-slide-inner\" href=\"https:\/\/reusingbottle.com\/index.php\/producto\/test-transparent-per-a-jardi\/\"><div class=\"swiper-slide-contents\"><div class=\"elementor-slide-heading\">Test transparent per a jard\u00ed.<\/div><div class=\"elementor-slide-description\">Fes el teu propi jard\u00ed minimalista<\/div><div  class=\"elementor-button elementor-slide-button elementor-size-sm\">Cat\u00e0leg<\/div><\/div><\/a><\/div><div class=\"elementor-repeater-item-6cb56b4 swiper-slide\"><div class=\"swiper-slide-bg\"><\/div><a class=\"swiper-slide-inner\" href=\"https:\/\/reusingbottle.com\/index.php\/producto\/safata-gran-infusions\/\"><div class=\"swiper-slide-contents\"><div class=\"elementor-slide-heading\">Safata gran INFUSIONS<\/div><div class=\"elementor-slide-description\">Safata per presentar sobres d\u2019infusions, sucre, cremes, caramels<\/div><div  class=\"elementor-button elementor-slide-button elementor-size-sm\">Click Here<\/div><\/div><\/a><\/div><div class=\"elementor-repeater-item-8e37326 swiper-slide\"><div class=\"swiper-slide-bg\"><\/div><a class=\"swiper-slide-inner\" href=\"https:\/\/reusingbottle.com\/index.php\/producto\/gerra-barcelo\/\"><div class=\"swiper-slide-contents\"><div class=\"elementor-slide-heading\">Gerra BARCEL\u00d3<\/div><div class=\"elementor-slide-description\">Gerra BARCEL\u00d3 \u00e9s un objecte \u00fanic i elegant<\/div><div  class=\"elementor-button elementor-slide-button elementor-size-sm\">Click Here<\/div><\/div><\/a><\/div><div class=\"elementor-repeater-item-9dd256a swiper-slide\"><div class=\"swiper-slide-bg\"><\/div><a class=\"swiper-slide-inner\" href=\"https:\/\/reusingbottle.com\/index.php\/producto\/hoodie-with-logo\/\"><div class=\"swiper-slide-contents\"><div class=\"elementor-slide-heading\">Safata FORN<\/div><div class=\"elementor-slide-description\">Per tota classe d\u2019aliments o petits objectes<\/div><div  class=\"elementor-button elementor-slide-button elementor-size-sm\">Cat\u00e0leg<\/div><\/div><\/a><\/div><div class=\"elementor-repeater-item-92160c3 swiper-slide\"><div class=\"swiper-slide-bg\"><\/div><a class=\"swiper-slide-inner\" href=\"https:\/\/reusingbottle.com\/index.php\/producto\/gerra-seagrams\/\"><div class=\"swiper-slide-contents\"><div class=\"elementor-slide-heading\">Gerra SEAGRAM'S<\/div><div class=\"elementor-slide-description\">Gerra atractiva i amb car\u00e0cter,\nespecial nevera.<\/div><div  class=\"elementor-button elementor-slide-button elementor-size-sm\">Click Here<\/div><\/div><\/a><\/div><div class=\"elementor-repeater-item-8431e97 swiper-slide\"><div class=\"swiper-slide-bg\"><\/div><a class=\"swiper-slide-inner\" href=\"https:\/\/reusingbottle.com\/index.php\/producto\/cendrer-plus\/\"><div class=\"swiper-slide-contents\"><div class=\"elementor-slide-heading\">Cendrer TOTXO<\/div><div class=\"elementor-slide-description\">Elegant i resistent, es pot recolzar la cigarreta<\/div><div  class=\"elementor-button elementor-slide-button elementor-size-sm\">Cat\u00e0leg<\/div><\/div><\/a><\/div>\t\t\t\t<\/div>\n\t\t\t\t\t\t\t\t\t\t\t\t\t\t\t<div class=\"swiper-pagination\"><\/div>\n\t\t\t\t\t\t\t\t\t\t\t\t\t\t\t\t<div class=\"elementor-swiper-button elementor-swiper-button-prev\">\n\t\t\t\t\t\t\t<i aria-hidden=\"true\" class=\"eicon-chevron-left\"><\/i>\t\t\t\t\t\t\t<span class=\"elementor-screen-only\">Previous<\/span>\n\t\t\t\t\t\t<\/div>\n\t\t\t\t\t\t<div class=\"elementor-swiper-button elementor-swiper-button-next\">\n\t\t\t\t\t\t\t<i aria-hidden=\"true\" class=\"eicon-chevron-right\"><\/i>\t\t\t\t\t\t\t<span class=\"elementor-screen-only\">Next<\/span>\n\t\t\t\t\t\t<\/div>\n\t\t\t\t\t\t\t\t\t\t\t\t<\/div>\n\t\t<\/div>\n\t\t\t\t<\/div>\n\t\t\t\t<\/div>\n\t\t\t\t\t<\/div>\n\t\t<\/div>\n\t\t\t\t\t\t\t<\/div>\n\t\t<\/section>\n\t\t\t\t\t\t\t<\/div>\n\t\t","protected":false},"excerpt":{"rendered":"<p>Gots TOTXOSUn got robust per totes les ocasionsCat\u00e0legJard\u00ed blanc amb plantesMol decoratiu, minimalista, est\u00e8tic \u2026Cat\u00e0legGerro BASICGerros mides i colors variatsCat\u00e0legSafata FORNPer tota classe d\u2019aliments o petits objectesCat\u00e0legGerro GRAVATGerros transparents, gravats de mides variades.Cat\u00e0legCendrer B\u00c0SICIdeal per petits racons, elegant i funcional..Cat\u00e0legTest transparent per a jard\u00ed.Fes el teu propi jard\u00ed minimalistaCat\u00e0legSafata gran [&hellip;]<\/p>\n","protected":false},"author":2,"featured_media":399,"parent":0,"menu_order":0,"comment_status":"closed","ping_status":"closed","template":"page-templates\/template-pagebuilder-full-width.php","meta":{"om_disable_all_campaigns":false,"_mi_skip_tracking":false},"aioseo_notices":[],"_links":{"self":[{"href":"https:\/\/reusingbottle.com\/index.php\/wp-json\/wp\/v2\/pages\/252"}],"collection":[{"href":"https:\/\/reusingbottle.com\/index.php\/wp-json\/wp\/v2\/pages"}],"about":[{"href":"https:\/\/reusingbottle.com\/index.php\/wp-json\/wp\/v2\/types\/page"}],"author":[{"embeddable":true,"href":"https:\/\/reusingbottle.com\/index.php\/wp-json\/wp\/v2\/users\/2"}],"replies":[{"embeddable":true,"href":"https:\/\/reusingbottle.com\/index.php\/wp-json\/wp\/v2\/comments?post=252"}],"version-history":[{"count":82,"href":"https:\/\/reusingbottle.com\/index.php\/wp-json\/wp\/v2\/pages\/252\/revisions"}],"predecessor-version":[{"id":398,"href":"https:\/\/reusingbottle.com\/index.php\/wp-json\/wp\/v2\/pages\/252\/revisions\/398"}],"wp:featuredmedia":[{"embeddable":true,"href":"https:\/\/reusingbottle.com\/index.php\/wp-json\/wp\/v2\/media\/399"}],"wp:attachment":[{"href":"https:\/\/reusingbottle.com\/index.php\/wp-json\/wp\/v2\/media?parent=252"}],"curies":[{"name":"wp","href":"https:\/\/api.w.org\/{rel}","templated":true}]}}